{"id":2650,"date":"2017-02-27T13:11:31","date_gmt":"2017-02-27T19:11:31","guid":{"rendered":"http:\/\/xnet.mx\/sitio\/?page_id=2650"},"modified":"2024-12-11T09:46:23","modified_gmt":"2024-12-11T15:46:23","slug":"aviso-de-privacidad","status":"publish","type":"page","link":"https:\/\/www.xnet.com.mx\/sitio\/index.php\/aviso-de-privacidad\/","title":{"rendered":"Aviso de privacidad"},"content":{"rendered":"<p><div class=\"fusion-fullwidth fullwidth-box fusion-builder-row-1 fusion-flex-container nonhundred-percent-fullwidth non-hundred-percent-height-scrolling\" style=\"background-color: #292e49;background-image:linear-gradient(239deg, #292e49 0%,#4b79a1 82%);background-position: center center;background-repeat: no-repeat;border-width: 0px 0px 0px 0px;border-color:#eae9e9;border-style:solid;\" ><div class=\"fusion-builder-row fusion-row fusion-flex-align-items-flex-start\" style=\"max-width:1216.8px;margin-left: calc(-4% \/ 2 );margin-right: calc(-4% \/ 2 );\"><div class=\"fusion-layout-column fusion_builder_column fusion-builder-column-0 fusion_builder_column_1_1 1_1 fusion-flex-column\"><div class=\"fusion-column-wrapper fusion-flex-justify-content-flex-start fusion-content-layout-column\" style=\"background-position:left top;background-repeat:no-repeat;-webkit-background-size:cover;-moz-background-size:cover;-o-background-size:cover;background-size:cover;padding: 0px 0px 0px 0px;\"><style type=\"text\/css\">@media only screen and (max-width:1024px) {.fusion-title.fusion-title-1{margin-top:10px!important;margin-bottom:20px!important;}}@media only screen and (max-width:640px) {.fusion-title.fusion-title-1{margin-top:10px!important;margin-bottom:20px!important;}}<\/style><div class=\"fusion-title title fusion-title-1 fusion-title-center fusion-title-text fusion-title-size-one\" style=\"margin-top:10px;margin-bottom:20px;\"><div class=\"title-sep-container title-sep-container-left\"><div class=\"title-sep sep-\" style=\"border-color:#e0dede;\"><\/div><\/div><h1 class=\"title-heading-center\" style=\"margin:0;color:#ffffff;\">Aviso de privacidad<\/h1><div class=\"title-sep-container title-sep-container-right\"><div class=\"title-sep sep-\" style=\"border-color:#e0dede;\"><\/div><\/div><\/div><\/div><\/div><style type=\"text\/css\">.fusion-body .fusion-builder-column-0{width:100% !important;margin-top : 15px;margin-bottom : 15px;}.fusion-builder-column-0 > .fusion-column-wrapper {padding-top : 0px !important;padding-right : 0px !important;margin-right : 1.92%;padding-bottom : 0px !important;padding-left : 0px !important;margin-left : 1.92%;}@media only screen and (max-width:1024px) {.fusion-body .fusion-builder-column-0{width:100% !important;order : 0;}.fusion-builder-column-0 > .fusion-column-wrapper {margin-right : 1.92%;margin-left : 1.92%;}}@media only screen and (max-width:640px) {.fusion-body .fusion-builder-column-0{width:100% !important;order : 0;}.fusion-builder-column-0 > .fusion-column-wrapper {margin-right : 1.92%;margin-left : 1.92%;}}<\/style><\/div><style type=\"text\/css\">.fusion-body .fusion-flex-container.fusion-builder-row-1{ padding-top : 35px;margin-top : 0px;padding-right : 0px;padding-bottom : 35px;margin-bottom : 0px;padding-left : 0px;}<\/style><\/div><div class=\"fusion-fullwidth fullwidth-box fusion-builder-row-2 fusion-flex-container nonhundred-percent-fullwidth non-hundred-percent-height-scrolling\" style=\"background-color: #ffffff;background-position: center center;background-repeat: no-repeat;border-width: 0px 0px 0px 0px;border-color:#eae9e9;border-style:solid;\" ><div class=\"fusion-builder-row fusion-row fusion-flex-align-items-flex-start\" style=\"max-width:1216.8px;margin-left: calc(-4% \/ 2 );margin-right: calc(-4% \/ 2 );\"><div class=\"fusion-layout-column fusion_builder_column fusion-builder-column-1 fusion_builder_column_1_1 1_1 fusion-flex-column\"><div class=\"fusion-column-wrapper fusion-flex-justify-content-flex-start fusion-content-layout-column\" style=\"background-position:left top;background-repeat:no-repeat;-webkit-background-size:cover;-moz-background-size:cover;-o-background-size:cover;background-size:cover;padding: 0px 0px 0px 0px;\"><div class=\"fusion-text fusion-text-1\"><p>&nbsp;<\/p>\n<h2>Proveedores y Clientes<\/h2>\n<p>Somos una empresa comprometida con la protecci\u00f3n de sus datos personales. De conformidad con lo dispuesto por la Ley Federal de Protecci\u00f3n de Datos Personales en Posesi\u00f3n de los Particulares y su Reglamento, se emite el presente Aviso de Privacidad en los siguientes t\u00e9rminos:<\/p>\n<h2>Responsable de la protecci\u00f3n de sus datos personales:<\/h2>\n<p>Epsilon Soft S de RLMI, con domicilio en Privada de Te\u00f3filo Borunda 102, San Felipe Viejo, 31203, Chihuahua, Chih., M\u00e9xico, es responsable del tratamiento de sus datos personales. Usted puede contactarnos para ejercer sus derechos, o para cualquier duda que tenga sobre el manejo de sus datos personales, a trav\u00e9s de nuestra \u00e1rea de protecci\u00f3n de datos y privacidad v\u00eda correo electr\u00f3nico a <a href=\"mailto:info@xnet.mx\">info@xnet.mx<\/a>.<\/p>\n<h2>\u00bfPara qu\u00e9 fines recabamos y utilizamos sus datos personales?<\/h2>\n<p>Sus datos personales se recaban sin fines de divulgaci\u00f3n o utilizaci\u00f3n comercial distinta a la establecida y ser\u00e1n utilizados \u00fanicamente para los siguientes fines:<\/p>\n<p><strong>Para clientes:<\/strong><\/p>\n<ul>\n<li>Determinar el servicio a prestar o el producto que nos solicite.<\/li>\n<li>Proporcionarle el servicio solicitado.<\/li>\n<li>Verificar y confirmar su identidad, incluyendo la de sus beneficiarios, referencias, obligados solidarios, avales o fiadores, seg\u00fan resulte aplicable.<\/li>\n<li>Contactarlo para dar seguimiento al servicio prestado, pagos o cualquier otra situaci\u00f3n derivada de los servicios proporcionados.<\/li>\n<li>Recibir sus pagos en cheque o mediante transferencias bancarias en l\u00ednea, cumpliendo con la normatividad bancaria aplicable.<\/li>\n<\/ul>\n<p><strong>Para proveedores:<\/strong><\/p>\n<ul>\n<li>Determinar al proveedor m\u00e1s adecuado para solicitarle sus servicios, productos y cotizaciones.<\/li>\n<li>Elaborar \u00f3rdenes de compra.<\/li>\n<li>Realizar pagos.<\/li>\n<\/ul>\n<p><strong>Para clientes y proveedores:<\/strong><\/p>\n<ul>\n<li>Mantener una base de datos de proveedores y clientes.<\/li>\n<li>Elaborar y enviar sus facturas.<\/li>\n<li>Cumplir con las obligaciones legales derivadas de nuestra relaci\u00f3n contractual, incluyendo pagos por servicios.<\/li>\n<li>Enviar comunicaciones con fines publicitarios o mercadot\u00e9cnicos respecto a los productos o servicios que ofrece Epsilon Soft S de RLMI.<\/li>\n<li>Evaluar la calidad del servicio o productos ofrecidos por Epsilon Soft S de RLMI.<\/li>\n<\/ul>\n<p>Los datos personales ser\u00e1n almacenados por un t\u00e9rmino de 1 a\u00f1o a partir de su obtenci\u00f3n y\/o durante el tiempo que dure nuestra relaci\u00f3n comercial, bajo la m\u00e1s estricta confidencialidad, y no se les podr\u00e1 dar un uso distinto al aqu\u00ed se\u00f1alado, salvo que medie un cambio en este Aviso de Privacidad.<\/p>\n<h2>\u00bfQu\u00e9 datos personales obtenemos y de d\u00f3nde?<\/h2>\n<p>Para las finalidades se\u00f1aladas en el presente Aviso de Privacidad, podemos recabar sus datos personales cuando usted nos los proporciona directamente (de forma personal, v\u00eda telef\u00f3nica, a trav\u00e9s de nuestra p\u00e1gina de internet o correo electr\u00f3nico), as\u00ed como de otras fuentes permitidas por la ley.<\/p>\n<p>No solicitamos ning\u00fan dato sensible. Los datos financieros que recabamos son \u00fanica y exclusivamente para las finalidades aqu\u00ed expresadas y al amparo de la relaci\u00f3n jur\u00eddica que nos une con usted. Nuestra p\u00e1gina de internet no guarda cookies.<\/p>\n<p><strong>Datos personales solicitados a proveedores:<\/strong> Nombre completo, direcci\u00f3n, tel\u00e9fono, Registro Federal de Contribuyentes (RFC), correo electr\u00f3nico, n\u00famero de CLABE y cuenta bancaria.<\/p>\n<p><strong>Datos personales solicitados a clientes:<\/strong> Nombre completo, direcci\u00f3n (incluyendo C\u00f3digo Postal), tel\u00e9fono, correo electr\u00f3nico y Registro Federal de Contribuyentes (RFC).<\/p>\n<h2>\u00bfC\u00f3mo acceder o rectificar sus datos personales, o cancelar u oponerse a su uso?<\/h2>\n<p>Usted tiene derecho de acceder a sus datos personales que poseemos, y a los detalles de su tratamiento, as\u00ed como a rectificarlos en caso de ser inexactos o incompletos; cancelarlos cuando considere que no se requieren para las finalidades se\u00f1aladas, est\u00e9n siendo utilizados para fines no consentidos, haya finalizado la relaci\u00f3n contractual o de servicio; u oponerse al tratamiento de los mismos para fines espec\u00edficos.<\/p>\n<p>Para ejercer sus derechos, env\u00ede una solicitud al correo electr\u00f3nico <a href=\"mailto:info@xnet.mx\">info@xnet.mx<\/a>. Su solicitud deber\u00e1 cumplir con los requisitos legales vigentes, incluyendo identificaci\u00f3n, datos de contacto y descripci\u00f3n clara de los datos sobre los que busca ejercer sus derechos.<\/p>\n<h2>\u00bfC\u00f3mo protegemos sus datos personales?<\/h2>\n<p>Nos comprometemos a realizar nuestro mayor esfuerzo para proteger la seguridad de los datos personales que nos proporciona, mediante la adopci\u00f3n de medidas de seguridad administrativas, t\u00e9cnicas y f\u00edsicas que controlen el acceso, uso o divulgaci\u00f3n no autorizados. En caso de presentarse vulneraciones de seguridad en cualquier fase del tratamiento, le informaremos al correo electr\u00f3nico proporcionado, para que tome las medidas adecuadas para su protecci\u00f3n.<\/p>\n<h2>\u00bfC\u00f3mo puede revocar su consentimiento para el tratamiento de sus datos, as\u00ed como limitar su uso o divulgaci\u00f3n?<\/h2>\n<p>En todo momento, usted podr\u00e1 revocar el consentimiento otorgado para el tratamiento de sus datos personales, as\u00ed como limitar su uso o divulgaci\u00f3n. Para ello, presente su petici\u00f3n al correo electr\u00f3nico <a href=\"mailto:info@xnet.mx\">info@xnet.mx<\/a>, demostrando su identidad (o la de su representante legal) y proporcionando la informaci\u00f3n necesaria para identificar los datos personales de los que se solicita la revocaci\u00f3n o limitaci\u00f3n.<\/p>\n<p>En un plazo m\u00e1ximo de 20 d\u00edas contados a partir de que se recibe la solicitud, atenderemos su petici\u00f3n y le informaremos sobre su procedencia a trav\u00e9s del medio de contacto que nos haya indicado. En caso afirmativo, los cambios solicitados se realizar\u00e1n en un plazo m\u00e1ximo de 15 d\u00edas h\u00e1biles. El Responsable podr\u00e1 notificar una pr\u00f3rroga en estos plazos conforme a la legislaci\u00f3n aplicable.<\/p>\n<h2>Modificaciones al aviso de privacidad<\/h2>\n<p>Nos reservamos el derecho de efectuar en cualquier momento modificaciones o actualizaciones al presente aviso de privacidad, para atender novedades legislativas, pol\u00edticas internas o nuevos requerimientos para la prestaci\u00f3n u ofrecimiento de nuestros servicios o productos. Estas modificaciones estar\u00e1n disponibles al p\u00fablico a trav\u00e9s de anuncios visibles en nuestro establecimiento; o en nuestra p\u00e1gina de internet.<\/p>\n<h2>\u00bfAnte qui\u00e9n puede presentar sus quejas y denuncias por el tratamiento indebido de sus datos personales?<\/h2>\n<p>Si usted considera que sus derechos de protecci\u00f3n de datos personales han sido vulnerados, podr\u00e1 interponer la queja o denuncia correspondiente ante el Instituto Nacional de Transparencia, Acceso a la Informaci\u00f3n y Protecci\u00f3n de Datos Personales (INAI). Para mayor informaci\u00f3n, visite <a href=\"https:\/\/www.inai.org.mx\" target=\"_blank\" rel=\"noopener noreferrer\">www.inai.org.mx<\/a>.<\/p>\n<\/div><\/div><\/div><style type=\"text\/css\">.fusion-body .fusion-builder-column-1{width:100% !important;margin-top : 15px;margin-bottom : 15px;}.fusion-builder-column-1 > .fusion-column-wrapper {padding-top : 0px !important;padding-right : 0px !important;margin-right : 1.92%;padding-bottom : 0px !important;padding-left : 0px !important;margin-left : 1.92%;}@media only screen and (max-width:1024px) {.fusion-body .fusion-builder-column-1{width:100% !important;order : 0;}.fusion-builder-column-1 > .fusion-column-wrapper {margin-right : 1.92%;margin-left : 1.92%;}}@media only screen and (max-width:640px) {.fusion-body .fusion-builder-column-1{width:100% !important;order : 0;}.fusion-builder-column-1 > .fusion-column-wrapper {margin-right : 1.92%;margin-left : 1.92%;}}<\/style><\/div><style type=\"text\/css\">.fusion-body .fusion-flex-container.fusion-builder-row-2{ padding-top : 0px;margin-top : 0px;padding-right : 0px;padding-bottom : 0px;margin-bottom : 0px;padding-left : 0px;}<\/style><\/div><div class=\"fusion-fullwidth fullwidth-box fusion-builder-row-3 fusion-flex-container nonhundred-percent-fullwidth non-hundred-percent-height-scrolling\" style=\"background-color: #ffffff;background-position: center center;background-repeat: no-repeat;border-width: 0px 0px 0px 0px;border-color:#eae9e9;border-style:solid;\" ><div class=\"fusion-builder-row fusion-row fusion-flex-align-items-flex-start\" style=\"max-width:1216.8px;margin-left: calc(-4% \/ 2 );margin-right: calc(-4% \/ 2 );\"><div class=\"fusion-layout-column fusion_builder_column fusion-builder-column-2 fusion_builder_column_1_2 1_2 fusion-flex-column\"><div class=\"fusion-column-wrapper fusion-flex-justify-content-flex-start fusion-content-layout-column\" style=\"background-position:left top;background-repeat:no-repeat;-webkit-background-size:cover;-moz-background-size:cover;-o-background-size:cover;background-size:cover;padding: 0px 0px 0px 0px;\"><style type=\"text\/css\">@media only screen and (max-width:1024px) {.fusion-title.fusion-title-2{margin-top:10px!important;margin-bottom:20px!important;}}@media only screen and (max-width:640px) {.fusion-title.fusion-title-2{margin-top:10px!important;margin-bottom:20px!important;}}<\/style><div class=\"fusion-title title fusion-title-2 fusion-title-text fusion-title-size-two\" style=\"font-size:1.5rem;margin-top:10px;margin-bottom:20px;\"><div class=\"title-sep-container title-sep-container-left fusion-no-large-visibility fusion-no-medium-visibility fusion-no-small-visibility\"><div class=\"title-sep sep-\" style=\"border-color:#e0dede;\"><\/div><\/div><h2 class=\"title-heading-left\" style=\"margin:0;font-size:1em;\">Pol\u00edtica de Reembolso (No hay reembolso, solo cambio)<\/h2><div class=\"title-sep-container title-sep-container-right\"><div class=\"title-sep sep-\" style=\"border-color:#e0dede;\"><\/div><\/div><\/div><div class=\"fusion-text fusion-text-2\"><p>Todos los productos se venden como vienen. El cliente asume la responsabilidad de la compra, y no se dar\u00e1 reembolso. Puede contactarnos si desean cambiar su compra por un producto de igual o menos valor dentro de los 30 d\u00edas de la compra. Si un producto de menor valor se escoge no habr\u00e1 reembolso por la cantidad adicional.<\/p>\n<\/div><\/div><\/div><style type=\"text\/css\">.fusion-body .fusion-builder-column-2{width:50% !important;margin-top : 15px;margin-bottom : 15px;}.fusion-builder-column-2 > .fusion-column-wrapper {padding-top : 0px !important;padding-right : 0px !important;margin-right : 3.84%;padding-bottom : 0px !important;padding-left : 0px !important;margin-left : 3.84%;}@media only screen and (max-width:1024px) {.fusion-body .fusion-builder-column-2{width:100% !important;order : 0;}.fusion-builder-column-2 > .fusion-column-wrapper {margin-right : 1.92%;margin-left : 1.92%;}}@media only screen and (max-width:640px) {.fusion-body .fusion-builder-column-2{width:100% !important;order : 0;}.fusion-builder-column-2 > .fusion-column-wrapper {margin-right : 1.92%;margin-left : 1.92%;}}<\/style><div class=\"fusion-layout-column fusion_builder_column fusion-builder-column-3 fusion_builder_column_1_2 1_2 fusion-flex-column\"><div class=\"fusion-column-wrapper fusion-flex-justify-content-flex-start fusion-content-layout-column\" style=\"background-position:left top;background-repeat:no-repeat;-webkit-background-size:cover;-moz-background-size:cover;-o-background-size:cover;background-size:cover;padding: 0px 0px 0px 0px;\"><style type=\"text\/css\">@media only screen and (max-width:1024px) {.fusion-title.fusion-title-3{margin-top:10px!important;margin-bottom:20px!important;}}@media only screen and (max-width:640px) {.fusion-title.fusion-title-3{margin-top:10px!important;margin-bottom:20px!important;}}<\/style><div class=\"fusion-title title fusion-title-3 fusion-title-text fusion-title-size-two\" style=\"font-size:1.5rem;margin-top:10px;margin-bottom:20px;\"><div class=\"title-sep-container title-sep-container-left fusion-no-large-visibility fusion-no-medium-visibility fusion-no-small-visibility\"><div class=\"title-sep sep-\" style=\"border-color:#e0dede;\"><\/div><\/div><h2 class=\"title-heading-left\" style=\"margin:0;font-size:1em;\">Refund Policy (No Refund, Exchange Only)<\/h2><div class=\"title-sep-container title-sep-container-right\"><div class=\"title-sep sep-\" style=\"border-color:#e0dede;\"><\/div><\/div><\/div><div class=\"fusion-text fusion-text-3\"><p>All products are sold \u201cas is\u201d. The customer assumes the responsibility for the purchase, and no refunds will be issued. You may contact us if you wish to exchange your purchase for a product of equal or lesser value within 30 days from the purchase date.  If an item of lesser value is chosen there will be no refund for the additional amount.<\/p>\n<\/div><\/div><\/div><style type=\"text\/css\">.fusion-body .fusion-builder-column-3{width:50% !important;margin-top : 15px;margin-bottom : 15px;}.fusion-builder-column-3 > .fusion-column-wrapper {padding-top : 0px !important;padding-right : 0px !important;margin-right : 3.84%;padding-bottom : 0px !important;padding-left : 0px !important;margin-left : 3.84%;}@media only screen and (max-width:1024px) {.fusion-body .fusion-builder-column-3{width:100% !important;order : 0;}.fusion-builder-column-3 > .fusion-column-wrapper {margin-right : 1.92%;margin-left : 1.92%;}}@media only screen and (max-width:640px) {.fusion-body .fusion-builder-column-3{width:100% !important;order : 0;}.fusion-builder-column-3 > .fusion-column-wrapper {margin-right : 1.92%;margin-left : 1.92%;}}<\/style><div class=\"fusion-layout-column fusion_builder_column fusion-builder-column-4 fusion_builder_column_1_2 1_2 fusion-flex-column\"><div class=\"fusion-column-wrapper fusion-flex-justify-content-flex-start fusion-content-layout-column\" style=\"background-position:left top;background-repeat:no-repeat;-webkit-background-size:cover;-moz-background-size:cover;-o-background-size:cover;background-size:cover;padding: 0px 0px 0px 0px;\"><style type=\"text\/css\">@media only screen and (max-width:1024px) {.fusion-title.fusion-title-4{margin-top:10px!important;margin-bottom:20px!important;}}@media only screen and (max-width:640px) {.fusion-title.fusion-title-4{margin-top:10px!important;margin-bottom:20px!important;}}<\/style><div class=\"fusion-title title fusion-title-4 fusion-title-text fusion-title-size-two\" style=\"font-size:1.5rem;margin-top:10px;margin-bottom:20px;\"><div class=\"title-sep-container title-sep-container-left fusion-no-large-visibility fusion-no-medium-visibility fusion-no-small-visibility\"><div class=\"title-sep sep-\" style=\"border-color:#e0dede;\"><\/div><\/div><h2 class=\"title-heading-left\" style=\"margin:0;font-size:1em;\"><h2 class=\"vc_custom_heading fusion-responsive-typography-calculated\" data-fontsize=\"38\" data-lineheight=\"47.88px\">Pol\u00edtica de reembolso (servicios)<\/h2><\/h2><div class=\"title-sep-container title-sep-container-right\"><div class=\"title-sep sep-\" style=\"border-color:#e0dede;\"><\/div><\/div><\/div><div class=\"fusion-text fusion-text-4\"><p>Si no esta satisfecho con su compra, dentro de los 30 dias de su compra, le reembolsaremos el costo de su orden.<\/p>\n<\/div><\/div><\/div><style type=\"text\/css\">.fusion-body .fusion-builder-column-4{width:50% !important;margin-top : 15px;margin-bottom : 15px;}.fusion-builder-column-4 > .fusion-column-wrapper {padding-top : 0px !important;padding-right : 0px !important;margin-right : 3.84%;padding-bottom : 0px !important;padding-left : 0px !important;margin-left : 3.84%;}@media only screen and (max-width:1024px) {.fusion-body .fusion-builder-column-4{width:100% !important;order : 0;}.fusion-builder-column-4 > .fusion-column-wrapper {margin-right : 1.92%;margin-left : 1.92%;}}@media only screen and (max-width:640px) {.fusion-body .fusion-builder-column-4{width:100% !important;order : 0;}.fusion-builder-column-4 > .fusion-column-wrapper {margin-right : 1.92%;margin-left : 1.92%;}}<\/style><div class=\"fusion-layout-column fusion_builder_column fusion-builder-column-5 fusion_builder_column_1_2 1_2 fusion-flex-column\"><div class=\"fusion-column-wrapper fusion-flex-justify-content-flex-start fusion-content-layout-column\" style=\"background-position:left top;background-repeat:no-repeat;-webkit-background-size:cover;-moz-background-size:cover;-o-background-size:cover;background-size:cover;padding: 0px 0px 0px 0px;\"><style type=\"text\/css\">@media only screen and (max-width:1024px) {.fusion-title.fusion-title-5{margin-top:10px!important;margin-bottom:20px!important;}}@media only screen and (max-width:640px) {.fusion-title.fusion-title-5{margin-top:10px!important;margin-bottom:20px!important;}}<\/style><div class=\"fusion-title title fusion-title-5 fusion-title-text fusion-title-size-two\" style=\"font-size:1.5rem;margin-top:10px;margin-bottom:20px;\"><div class=\"title-sep-container title-sep-container-left fusion-no-large-visibility fusion-no-medium-visibility fusion-no-small-visibility\"><div class=\"title-sep sep-\" style=\"border-color:#e0dede;\"><\/div><\/div><h2 class=\"title-heading-left\" style=\"margin:0;font-size:1em;\"><h2 class=\"vc_custom_heading fusion-responsive-typography-calculated\" data-fontsize=\"38\" data-lineheight=\"47.88px\">Refund Policy (Services)<\/h2><\/h2><div class=\"title-sep-container title-sep-container-right\"><div class=\"title-sep sep-\" style=\"border-color:#e0dede;\"><\/div><\/div><\/div><div class=\"fusion-text fusion-text-5\"><p>If you are not 100% satisfied with your purchase, within 30 days from the purchase date, we will fully refund the cost of your order.<\/p>\n<\/div><\/div><\/div><style type=\"text\/css\">.fusion-body .fusion-builder-column-5{width:50% !important;margin-top : 15px;margin-bottom : 15px;}.fusion-builder-column-5 > .fusion-column-wrapper {padding-top : 0px !important;padding-right : 0px !important;margin-right : 3.84%;padding-bottom : 0px !important;padding-left : 0px !important;margin-left : 3.84%;}@media only screen and (max-width:1024px) {.fusion-body .fusion-builder-column-5{width:100% !important;order : 0;}.fusion-builder-column-5 > .fusion-column-wrapper {margin-right : 1.92%;margin-left : 1.92%;}}@media only screen and (max-width:640px) {.fusion-body .fusion-builder-column-5{width:100% !important;order : 0;}.fusion-builder-column-5 > .fusion-column-wrapper {margin-right : 1.92%;margin-left : 1.92%;}}<\/style><\/div><style type=\"text\/css\">.fusion-body .fusion-flex-container.fusion-builder-row-3{ padding-top : 0px;margin-top : 0px;padding-right : 0px;padding-bottom : 0px;margin-bottom : 0px;padding-left : 0px;}<\/style><\/div><\/p>\n","protected":false},"excerpt":{"rendered":"","protected":false},"author":1,"featured_media":0,"parent":0,"menu_order":0,"comment_status":"closed","ping_status":"closed","template":"100-width.php","meta":[],"_links":{"self":[{"href":"https:\/\/www.xnet.com.mx\/sitio\/index.php\/wp-json\/wp\/v2\/pages\/2650"}],"collection":[{"href":"https:\/\/www.xnet.com.mx\/sitio\/index.php\/wp-json\/wp\/v2\/pages"}],"about":[{"href":"https:\/\/www.xnet.com.mx\/sitio\/index.php\/wp-json\/wp\/v2\/types\/page"}],"author":[{"embeddable":true,"href":"https:\/\/www.xnet.com.mx\/sitio\/index.php\/wp-json\/wp\/v2\/users\/1"}],"replies":[{"embeddable":true,"href":"https:\/\/www.xnet.com.mx\/sitio\/index.php\/wp-json\/wp\/v2\/comments?post=2650"}],"version-history":[{"count":9,"href":"https:\/\/www.xnet.com.mx\/sitio\/index.php\/wp-json\/wp\/v2\/pages\/2650\/revisions"}],"predecessor-version":[{"id":41341,"href":"https:\/\/www.xnet.com.mx\/sitio\/index.php\/wp-json\/wp\/v2\/pages\/2650\/revisions\/41341"}],"wp:attachment":[{"href":"https:\/\/www.xnet.com.mx\/sitio\/index.php\/wp-json\/wp\/v2\/media?parent=2650"}],"curies":[{"name":"wp","href":"https:\/\/api.w.org\/{rel}","templated":true}]}}